{"id":19,"date":"2025-06-25T23:58:29","date_gmt":"2025-06-25T21:58:29","guid":{"rendered":"https:\/\/display.webseite-essen.de\/erklaerung-zur-barrierefreiheit\/"},"modified":"2025-07-22T14:41:51","modified_gmt":"2025-07-22T12:41:51","slug":"erklaerung-zur-barrierefreiheit","status":"publish","type":"page","link":"https:\/\/display-messebau.de\/en\/erklaerung-zur-barrierefreiheit\/","title":{"rendered":"Accessibility"},"content":{"rendered":"<div data-elementor-type=\"wp-page\" data-elementor-id=\"19\" class=\"elementor elementor-19\" data-elementor-post-type=\"page\">\n\t\t\t\t<div class=\"elementor-element elementor-element-4a6ecb9 e-flex e-con-boxed e-con e-parent\" data-id=\"4a6ecb9\" data-element_type=\"container\" data-e-type=\"container\">\n\t\t\t\t\t<div class=\"e-con-inner\">\n\t\t\t\t<div class=\"elementor-element elementor-element-69f2523 elementor-widget elementor-widget-text-editor\" data-id=\"69f2523\" data-element_type=\"widget\" data-e-type=\"widget\" data-widget_type=\"text-editor.default\">\n\t\t\t\t<div class=\"elementor-widget-container\">\n\t\t\t\t\t\t\t\t\t<p><b>DISPLAY MESSEBAU GmbH<\/b> setzt sich daf\u00fcr ein, digitale Barrierefreiheit f\u00fcr Menschen mit Behinderungen sicherzustellen. Wir arbeiten kontinuierlich daran, die Nutzererfahrung f\u00fcr alle zu verbessern und wenden dabei die entsprechenden Standards zur Barrierefreiheit an.<\/p><p><!-- \/wp:paragraph --><!-- wp:paragraph --><\/p><h3><strong>Konformit\u00e4tsstatus<\/strong><\/h3><p><!-- \/wp:paragraph --><!-- wp:paragraph --><\/p><p>Die\u00a0<em>Web Content Accessibility Guidelines (WCAG)<\/em>\u00a0definieren Anforderungen f\u00fcr Designer und Entwickler zur Verbesserung der Zug\u00e4nglichkeit f\u00fcr Menschen mit Behinderungen. Sie legen drei Konformit\u00e4tsstufen fest: Stufe A, Stufe AA und Stufe AAA.<\/p><p><!-- \/wp:paragraph --><!-- wp:paragraph --><\/p><p><b>DISPLAY MESSEBAU GmbH<\/b> bem\u00fcht sich laufend, die Barrierefreiheit seiner Website und Dienste zu verbessern \u2013 in dem Bewusstsein, dass es unsere gemeinsame moralische Verpflichtung ist, Menschen mit Behinderungen einen nahtlosen, barrierefreien und uneingeschr\u00e4nkten Zugang zu erm\u00f6glichen.<\/p><p><!-- \/wp:paragraph --><!-- wp:paragraph --><\/p><p>Wir sind bestrebt, alle Seiten und Inhalte auf\u00a0<a href=\"https:\/\/display-messebau.de\/en\/\">https:\/\/display-messebau.de<\/a>\u00a0zug\u00e4nglich zu machen. Es kann jedoch vorkommen, dass einige Inhalte derzeit noch nicht vollst\u00e4ndig den h\u00f6chsten Barrierefreiheitsstandards entsprechen. Dies kann daran liegen, dass es Herausforderungen bei der Identifizierung der geeignetsten technischen L\u00f6sung gibt.<\/p><p><!-- \/wp:paragraph --><!-- wp:paragraph --><\/p><p>Diese Erkl\u00e4rung kann von Zeit zu Zeit \u00fcberarbeitet werden, um Verbesserungen oder \u00c4nderungen unserer Barrierefreiheitspraktiken zu reflektieren.<\/p><p><!-- \/wp:paragraph --><!-- wp:paragraph --><\/p><h3><strong>Feedback<\/strong><\/h3><p><!-- \/wp:paragraph --><!-- wp:paragraph --><\/p><p>Wir freuen uns \u00fcber Ihr Feedback zur Barrierefreiheit der Website von <b>DISPLAY MESSEBAU GmbH<\/b>\u00a0Bitte teilen Sie uns mit, wenn Sie auf unserer Website auf Barrieren sto\u00dfen:<\/p><p><!-- \/wp:paragraph --><!-- wp:paragraph --><\/p><p><strong>E-Mail:<\/strong>\u00a0<a href=\"mailto:info@display-messebau.de\" target=\"_blank\" rel=\"noreferrer noopener\">info@display-messebau.de<\/a><\/p><p><!-- \/wp:paragraph --><!-- wp:paragraph --><\/p><p>Wir bem\u00fchen uns, innerhalb von 3\u20135 Werktagen auf R\u00fcckmeldungen zu reagieren.<\/p>\t\t\t\t\t\t\t\t<\/div>\n\t\t\t\t<\/div>\n\t\t\t\t\t<\/div>\n\t\t\t\t<\/div>\n\t\t\t\t<\/div>","protected":false},"excerpt":{"rendered":"<p>DISPLAY MESSEBAU GmbH setzt sich daf\u00fcr ein, digitale Barrierefreiheit f\u00fcr Menschen mit Behinderungen sicherzustellen. Wir arbeiten kontinuierlich daran, die Nutzererfahrung f\u00fcr alle zu verbessern und wenden dabei die entsprechenden Standards zur Barrierefreiheit an. Konformit\u00e4tsstatus Die\u00a0Web Content Accessibility Guidelines (WCAG)\u00a0definieren Anforderungen f\u00fcr Designer und Entwickler zur Verbesserung der Zug\u00e4nglichkeit f\u00fcr Menschen mit Behinderungen. Sie legen drei [&hellip;]<\/p>\n","protected":false},"author":1,"featured_media":0,"parent":0,"menu_order":0,"comment_status":"closed","ping_status":"closed","template":"","meta":{"footnotes":""},"class_list":["post-19","page","type-page","status-publish","hentry"],"yoast_head":"<!-- This site is optimized with the Yoast SEO plugin v27.3 - https:\/\/yoast.com\/product\/yoast-seo-wordpress\/ -->\n<title>Erkl\u00e4rung zur Barrierefreiheit - Display-Messebau GmbH in Essen<\/title>\n<meta name=\"robots\" content=\"index, follow, max-snippet:-1, max-image-preview:large, max-video-preview:-1\" \/>\n<link rel=\"canonical\" href=\"https:\/\/display-messebau.de\/en\/erklaerung-zur-barrierefreiheit\/\" \/>\n<meta property=\"og:locale\" content=\"en_GB\" \/>\n<meta property=\"og:type\" content=\"article\" \/>\n<meta property=\"og:title\" content=\"Erkl\u00e4rung zur Barrierefreiheit - Display-Messebau GmbH in Essen\" \/>\n<meta property=\"og:description\" content=\"DISPLAY MESSEBAU GmbH setzt sich daf\u00fcr ein, digitale Barrierefreiheit f\u00fcr Menschen mit Behinderungen sicherzustellen. Wir arbeiten kontinuierlich daran, die Nutzererfahrung f\u00fcr alle zu verbessern und wenden dabei die entsprechenden Standards zur Barrierefreiheit an. Konformit\u00e4tsstatus Die\u00a0Web Content Accessibility Guidelines (WCAG)\u00a0definieren Anforderungen f\u00fcr Designer und Entwickler zur Verbesserung der Zug\u00e4nglichkeit f\u00fcr Menschen mit Behinderungen. Sie legen drei [&hellip;]\" \/>\n<meta property=\"og:url\" content=\"https:\/\/display-messebau.de\/en\/erklaerung-zur-barrierefreiheit\/\" \/>\n<meta property=\"og:site_name\" content=\"Display-Messebau GmbH in Essen\" \/>\n<meta property=\"article:publisher\" content=\"https:\/\/www.facebook.com\/profile.php?id=61577078987966\" \/>\n<meta property=\"article:modified_time\" content=\"2025-07-22T12:41:51+00:00\" \/>\n<meta name=\"twitter:card\" content=\"summary_large_image\" \/>\n<meta name=\"twitter:label1\" content=\"Estimated reading time\" \/>\n\t<meta name=\"twitter:data1\" content=\"1 minute\" \/>\n<script type=\"application\/ld+json\" class=\"yoast-schema-graph\">{\"@context\":\"https:\\\/\\\/schema.org\",\"@graph\":[{\"@type\":\"WebPage\",\"@id\":\"https:\\\/\\\/display-messebau.de\\\/erklaerung-zur-barrierefreiheit\\\/\",\"url\":\"https:\\\/\\\/display-messebau.de\\\/erklaerung-zur-barrierefreiheit\\\/\",\"name\":\"Erkl\u00e4rung zur Barrierefreiheit - Display-Messebau GmbH in Essen\",\"isPartOf\":{\"@id\":\"https:\\\/\\\/display-messebau.de\\\/#website\"},\"datePublished\":\"2025-06-25T21:58:29+00:00\",\"dateModified\":\"2025-07-22T12:41:51+00:00\",\"breadcrumb\":{\"@id\":\"https:\\\/\\\/display-messebau.de\\\/erklaerung-zur-barrierefreiheit\\\/#breadcrumb\"},\"inLanguage\":\"en-GB\",\"potentialAction\":[{\"@type\":\"ReadAction\",\"target\":[\"https:\\\/\\\/display-messebau.de\\\/erklaerung-zur-barrierefreiheit\\\/\"]}]},{\"@type\":\"BreadcrumbList\",\"@id\":\"https:\\\/\\\/display-messebau.de\\\/erklaerung-zur-barrierefreiheit\\\/#breadcrumb\",\"itemListElement\":[{\"@type\":\"ListItem\",\"position\":1,\"name\":\"Startseite\",\"item\":\"https:\\\/\\\/display-messebau.de\\\/\"},{\"@type\":\"ListItem\",\"position\":2,\"name\":\"Erkl\u00e4rung zur Barrierefreiheit\"}]},{\"@type\":\"WebSite\",\"@id\":\"https:\\\/\\\/display-messebau.de\\\/#website\",\"url\":\"https:\\\/\\\/display-messebau.de\\\/\",\"name\":\"Display-Messebau GmbH in Essen\",\"description\":\"\",\"publisher\":{\"@id\":\"https:\\\/\\\/display-messebau.de\\\/#organization\"},\"potentialAction\":[{\"@type\":\"SearchAction\",\"target\":{\"@type\":\"EntryPoint\",\"urlTemplate\":\"https:\\\/\\\/display-messebau.de\\\/?s={search_term_string}\"},\"query-input\":{\"@type\":\"PropertyValueSpecification\",\"valueRequired\":true,\"valueName\":\"search_term_string\"}}],\"inLanguage\":\"en-GB\"},{\"@type\":\"Organization\",\"@id\":\"https:\\\/\\\/display-messebau.de\\\/#organization\",\"name\":\"Display-Messebau GmbH in Essen\",\"url\":\"https:\\\/\\\/display-messebau.de\\\/\",\"logo\":{\"@type\":\"ImageObject\",\"inLanguage\":\"en-GB\",\"@id\":\"https:\\\/\\\/display-messebau.de\\\/#\\\/schema\\\/logo\\\/image\\\/\",\"url\":\"https:\\\/\\\/display-messebau.de\\\/wp-content\\\/uploads\\\/2025\\\/06\\\/logo-display-neu2.png\",\"contentUrl\":\"https:\\\/\\\/display-messebau.de\\\/wp-content\\\/uploads\\\/2025\\\/06\\\/logo-display-neu2.png\",\"width\":1400,\"height\":533,\"caption\":\"Display-Messebau GmbH in Essen\"},\"image\":{\"@id\":\"https:\\\/\\\/display-messebau.de\\\/#\\\/schema\\\/logo\\\/image\\\/\"},\"sameAs\":[\"https:\\\/\\\/www.facebook.com\\\/profile.php?id=61577078987966\",\"https:\\\/\\\/www.instagram.com\\\/displaymessebaugmbh\\\/\",\"https:\\\/\\\/www.linkedin.com\\\/company\\\/display-messebau-gmbh\\\/\",\"https:\\\/\\\/www.youtube.com\\\/@display-messebau-gmbh\"]}]}<\/script>\n<!-- \/ Yoast SEO plugin. -->","yoast_head_json":{"title":"Erkl\u00e4rung zur Barrierefreiheit - Display-Messebau GmbH in Essen","robots":{"index":"index","follow":"follow","max-snippet":"max-snippet:-1","max-image-preview":"max-image-preview:large","max-video-preview":"max-video-preview:-1"},"canonical":"https:\/\/display-messebau.de\/en\/erklaerung-zur-barrierefreiheit\/","og_locale":"en_GB","og_type":"article","og_title":"Erkl\u00e4rung zur Barrierefreiheit - Display-Messebau GmbH in Essen","og_description":"DISPLAY MESSEBAU GmbH setzt sich daf\u00fcr ein, digitale Barrierefreiheit f\u00fcr Menschen mit Behinderungen sicherzustellen. Wir arbeiten kontinuierlich daran, die Nutzererfahrung f\u00fcr alle zu verbessern und wenden dabei die entsprechenden Standards zur Barrierefreiheit an. Konformit\u00e4tsstatus Die\u00a0Web Content Accessibility Guidelines (WCAG)\u00a0definieren Anforderungen f\u00fcr Designer und Entwickler zur Verbesserung der Zug\u00e4nglichkeit f\u00fcr Menschen mit Behinderungen. Sie legen drei [&hellip;]","og_url":"https:\/\/display-messebau.de\/en\/erklaerung-zur-barrierefreiheit\/","og_site_name":"Display-Messebau GmbH in Essen","article_publisher":"https:\/\/www.facebook.com\/profile.php?id=61577078987966","article_modified_time":"2025-07-22T12:41:51+00:00","twitter_card":"summary_large_image","twitter_misc":{"Estimated reading time":"1 minute"},"schema":{"@context":"https:\/\/schema.org","@graph":[{"@type":"WebPage","@id":"https:\/\/display-messebau.de\/erklaerung-zur-barrierefreiheit\/","url":"https:\/\/display-messebau.de\/erklaerung-zur-barrierefreiheit\/","name":"Erkl\u00e4rung zur Barrierefreiheit - Display-Messebau GmbH in Essen","isPartOf":{"@id":"https:\/\/display-messebau.de\/#website"},"datePublished":"2025-06-25T21:58:29+00:00","dateModified":"2025-07-22T12:41:51+00:00","breadcrumb":{"@id":"https:\/\/display-messebau.de\/erklaerung-zur-barrierefreiheit\/#breadcrumb"},"inLanguage":"en-GB","potentialAction":[{"@type":"ReadAction","target":["https:\/\/display-messebau.de\/erklaerung-zur-barrierefreiheit\/"]}]},{"@type":"BreadcrumbList","@id":"https:\/\/display-messebau.de\/erklaerung-zur-barrierefreiheit\/#breadcrumb","itemListElement":[{"@type":"ListItem","position":1,"name":"Startseite","item":"https:\/\/display-messebau.de\/"},{"@type":"ListItem","position":2,"name":"Erkl\u00e4rung zur Barrierefreiheit"}]},{"@type":"WebSite","@id":"https:\/\/display-messebau.de\/#website","url":"https:\/\/display-messebau.de\/","name":"Display-Messebau GmbH in Essen","description":"","publisher":{"@id":"https:\/\/display-messebau.de\/#organization"},"potentialAction":[{"@type":"SearchAction","target":{"@type":"EntryPoint","urlTemplate":"https:\/\/display-messebau.de\/?s={search_term_string}"},"query-input":{"@type":"PropertyValueSpecification","valueRequired":true,"valueName":"search_term_string"}}],"inLanguage":"en-GB"},{"@type":"Organization","@id":"https:\/\/display-messebau.de\/#organization","name":"Display-Messebau GmbH in Essen","url":"https:\/\/display-messebau.de\/","logo":{"@type":"ImageObject","inLanguage":"en-GB","@id":"https:\/\/display-messebau.de\/#\/schema\/logo\/image\/","url":"https:\/\/display-messebau.de\/wp-content\/uploads\/2025\/06\/logo-display-neu2.png","contentUrl":"https:\/\/display-messebau.de\/wp-content\/uploads\/2025\/06\/logo-display-neu2.png","width":1400,"height":533,"caption":"Display-Messebau GmbH in Essen"},"image":{"@id":"https:\/\/display-messebau.de\/#\/schema\/logo\/image\/"},"sameAs":["https:\/\/www.facebook.com\/profile.php?id=61577078987966","https:\/\/www.instagram.com\/displaymessebaugmbh\/","https:\/\/www.linkedin.com\/company\/display-messebau-gmbh\/","https:\/\/www.youtube.com\/@display-messebau-gmbh"]}]}},"_links":{"self":[{"href":"https:\/\/display-messebau.de\/en\/wp-json\/wp\/v2\/pages\/19","targetHints":{"allow":["GET"]}}],"collection":[{"href":"https:\/\/display-messebau.de\/en\/wp-json\/wp\/v2\/pages"}],"about":[{"href":"https:\/\/display-messebau.de\/en\/wp-json\/wp\/v2\/types\/page"}],"author":[{"embeddable":true,"href":"https:\/\/display-messebau.de\/en\/wp-json\/wp\/v2\/users\/1"}],"replies":[{"embeddable":true,"href":"https:\/\/display-messebau.de\/en\/wp-json\/wp\/v2\/comments?post=19"}],"version-history":[{"count":3,"href":"https:\/\/display-messebau.de\/en\/wp-json\/wp\/v2\/pages\/19\/revisions"}],"predecessor-version":[{"id":745,"href":"https:\/\/display-messebau.de\/en\/wp-json\/wp\/v2\/pages\/19\/revisions\/745"}],"wp:attachment":[{"href":"https:\/\/display-messebau.de\/en\/wp-json\/wp\/v2\/media?parent=19"}],"curies":[{"name":"wp","href":"https:\/\/api.w.org\/{rel}","templated":true}]}}