{"id":1110,"date":"2025-10-01T10:54:17","date_gmt":"2025-10-01T08:54:17","guid":{"rendered":"https:\/\/display-messebau.de\/?page_id=1110"},"modified":"2026-03-29T10:44:03","modified_gmt":"2026-03-29T08:44:03","slug":"engagement","status":"publish","type":"page","link":"https:\/\/display-messebau.de\/en\/engagement\/","title":{"rendered":"Wohlt\u00e4tigkeit"},"content":{"rendered":"<div data-elementor-type=\"wp-page\" data-elementor-id=\"1110\" class=\"elementor elementor-1110\" data-elementor-post-type=\"page\">\n\t\t\t\t<div class=\"elementor-element elementor-element-7a09560 e-flex e-con-boxed e-con e-parent\" data-id=\"7a09560\" data-element_type=\"container\" data-e-type=\"container\">\n\t\t\t\t\t<div class=\"e-con-inner\">\n\t\t\t\t<div class=\"elementor-element elementor-element-a865927 elementor-widget elementor-widget-spacer\" data-id=\"a865927\" data-element_type=\"widget\" data-e-type=\"widget\" data-widget_type=\"spacer.default\">\n\t\t\t\t<div class=\"elementor-widget-container\">\n\t\t\t\t\t\t\t<div class=\"elementor-spacer\">\n\t\t\t<div class=\"elementor-spacer-inner\"><\/div>\n\t\t<\/div>\n\t\t\t\t\t\t<\/div>\n\t\t\t\t<\/div>\n\t\t\t\t\t<\/div>\n\t\t\t\t<\/div>\n\t\t<div class=\"elementor-element elementor-element-7df9b84 e-con-full e-flex e-con e-parent\" data-id=\"7df9b84\" data-element_type=\"container\" data-e-type=\"container\">\n\t\t<div class=\"elementor-element elementor-element-0a71d4b e-con-full e-flex e-con e-child\" data-id=\"0a71d4b\" data-element_type=\"container\" data-e-type=\"container\">\n\t\t\t\t<div class=\"elementor-element elementor-element-987ea4e elementor-widget elementor-widget-heading\" data-id=\"987ea4e\" data-element_type=\"widget\" data-e-type=\"widget\" data-widget_type=\"heading.default\">\n\t\t\t\t<div class=\"elementor-widget-container\">\n\t\t\t\t\t<h3 class=\"elementor-heading-title elementor-size-default\">Lachen ist die beste Medizin!<\/h3>\t\t\t\t<\/div>\n\t\t\t\t<\/div>\n\t\t\t\t<div class=\"elementor-element elementor-element-2cce4d5 elementor-widget__width-initial elementor-widget elementor-widget-text-editor\" data-id=\"2cce4d5\" data-element_type=\"widget\" data-e-type=\"widget\" data-widget_type=\"text-editor.default\">\n\t\t\t\t<div class=\"elementor-widget-container\">\n\t\t\t\t\t\t\t\t\t<p data-start=\"229\" data-end=\"582\">Seit \u00fcber 14 Jahren unterst\u00fctzen wir die ClownsVisite e.\u202fV. aus voller \u00dcberzeugung. Dieses besondere Herzensprojekt setzt sich daf\u00fcr ein, dass Kinder in Krankenh\u00e4usern und sozialen Einrichtungen Momente voller Freude, Leichtigkeit und Fantasie erleben \u2013 gerade dann, wenn der Alltag oft von Sorgen, Krankheiten oder Einschr\u00e4nkungen gepr\u00e4gt ist.<\/p><p data-start=\"584\" data-end=\"878\">Die Clowns besuchen die Kinder regelm\u00e4\u00dfig und bringen sie mit viel Humor, Kreativit\u00e4t und Herz zum Strahlen. Durch ihre einf\u00fchlsamen Darbietungen schenken sie nicht nur Lachen, sondern auch Mut, Hoffnung und kleine Gl\u00fccksmomente, die Kindern, Eltern und Betreuenden gleicherma\u00dfen Kraft geben.<\/p><p data-start=\"880\" data-end=\"1213\">Wir sind stolz darauf, die ClownsVisite e.\u202fV. seit vielen Jahren zu unterst\u00fctzen und so Teil dieser wertvollen Arbeit zu sein. Unser Dank gilt allen, die mithelfen, dass das Lachen lebendig bleibt \u2013 sei es durch ehrenamtliches Engagement, Spenden oder einfach durch Weitererz\u00e4hlen und Unterst\u00fctzen dieses einzigartigen Projekts.<\/p><p data-start=\"1215\" data-end=\"1345\">Mehr \u00fcber die wunderbare Arbeit der ClownsVisite e.\u202fV. erfahren Sie hier: <a class=\"decorated-link\" href=\"https:\/\/www.clownsvisite.de\" target=\"_new\" rel=\"noopener\" data-start=\"1293\" data-end=\"1343\">www.clownsvisite.de<\/a><\/p>\t\t\t\t\t\t\t\t<\/div>\n\t\t\t\t<\/div>\n\t\t\t\t<\/div>\n\t\t<div class=\"elementor-element elementor-element-bdab820 e-con-full e-flex e-con e-child\" data-id=\"bdab820\" data-element_type=\"container\" data-e-type=\"container\">\n\t\t\t\t<div class=\"elementor-element elementor-element-9346304 elementor-widget elementor-widget-image\" data-id=\"9346304\" data-element_type=\"widget\" data-e-type=\"widget\" data-widget_type=\"image.default\">\n\t\t\t\t<div class=\"elementor-widget-container\">\n\t\t\t\t\t\t\t\t\t\t\t\t\t\t\t<img fetchpriority=\"high\" decoding=\"async\" width=\"800\" height=\"1000\" src=\"https:\/\/display-messebau.de\/wp-content\/uploads\/2025\/10\/1-1-819x1024.jpg\" class=\"attachment-large size-large wp-image-1209\" alt=\"\" srcset=\"https:\/\/display-messebau.de\/wp-content\/uploads\/2025\/10\/1-1-819x1024.jpg 819w, https:\/\/display-messebau.de\/wp-content\/uploads\/2025\/10\/1-1-240x300.jpg 240w, https:\/\/display-messebau.de\/wp-content\/uploads\/2025\/10\/1-1-768x960.jpg 768w, https:\/\/display-messebau.de\/wp-content\/uploads\/2025\/10\/1-1-10x12.jpg 10w, https:\/\/display-messebau.de\/wp-content\/uploads\/2025\/10\/1-1.jpg 1080w\" sizes=\"(max-width: 800px) 100vw, 800px\" \/>\t\t\t\t\t\t\t\t\t\t\t\t\t\t\t<\/div>\n\t\t\t\t<\/div>\n\t\t\t\t<\/div>\n\t\t\t\t<\/div>\n\t\t<div class=\"elementor-element elementor-element-14b6555 e-flex e-con-boxed e-con e-parent\" data-id=\"14b6555\" data-element_type=\"container\" data-e-type=\"container\">\n\t\t\t\t\t<div class=\"e-con-inner\">\n\t\t\t\t<div class=\"elementor-element elementor-element-a05931d elementor-widget-divider--view-line elementor-widget elementor-widget-divider\" data-id=\"a05931d\" data-element_type=\"widget\" data-e-type=\"widget\" data-widget_type=\"divider.default\">\n\t\t\t\t<div class=\"elementor-widget-container\">\n\t\t\t\t\t\t\t<div class=\"elementor-divider\">\n\t\t\t<span class=\"elementor-divider-separator\">\n\t\t\t\t\t\t<\/span>\n\t\t<\/div>\n\t\t\t\t\t\t<\/div>\n\t\t\t\t<\/div>\n\t\t\t\t\t<\/div>\n\t\t\t\t<\/div>\n\t\t<div class=\"elementor-element elementor-element-ac745e3 e-con-full e-flex e-con e-parent\" data-id=\"ac745e3\" data-element_type=\"container\" data-e-type=\"container\">\n\t\t<div class=\"elementor-element elementor-element-2e9777d e-con-full e-flex e-con e-child\" data-id=\"2e9777d\" data-element_type=\"container\" data-e-type=\"container\">\n\t\t\t\t<div class=\"elementor-element elementor-element-23d33f4 elementor-widget__width-initial elementor-widget elementor-widget-image\" data-id=\"23d33f4\" data-element_type=\"widget\" data-e-type=\"widget\" data-widget_type=\"image.default\">\n\t\t\t\t<div class=\"elementor-widget-container\">\n\t\t\t\t\t\t\t\t\t\t\t\t\t\t\t<img decoding=\"async\" width=\"800\" height=\"1000\" src=\"https:\/\/display-messebau.de\/wp-content\/uploads\/2026\/03\/Kopie-von-Kopie-von-Design-ohne-Titel-819x1024.jpg\" class=\"attachment-large size-large wp-image-1772\" alt=\"\" srcset=\"https:\/\/display-messebau.de\/wp-content\/uploads\/2026\/03\/Kopie-von-Kopie-von-Design-ohne-Titel-819x1024.jpg 819w, https:\/\/display-messebau.de\/wp-content\/uploads\/2026\/03\/Kopie-von-Kopie-von-Design-ohne-Titel-240x300.jpg 240w, https:\/\/display-messebau.de\/wp-content\/uploads\/2026\/03\/Kopie-von-Kopie-von-Design-ohne-Titel-768x960.jpg 768w, https:\/\/display-messebau.de\/wp-content\/uploads\/2026\/03\/Kopie-von-Kopie-von-Design-ohne-Titel-10x12.jpg 10w, https:\/\/display-messebau.de\/wp-content\/uploads\/2026\/03\/Kopie-von-Kopie-von-Design-ohne-Titel.jpg 1080w\" sizes=\"(max-width: 800px) 100vw, 800px\" \/>\t\t\t\t\t\t\t\t\t\t\t\t\t\t\t<\/div>\n\t\t\t\t<\/div>\n\t\t\t\t<\/div>\n\t\t<div class=\"elementor-element elementor-element-a8c1a85 e-con-full e-flex e-con e-child\" data-id=\"a8c1a85\" data-element_type=\"container\" data-e-type=\"container\">\n\t\t\t\t<div class=\"elementor-element elementor-element-ce3ad7c elementor-widget elementor-widget-heading\" data-id=\"ce3ad7c\" data-element_type=\"widget\" data-e-type=\"widget\" data-widget_type=\"heading.default\">\n\t\t\t\t<div class=\"elementor-widget-container\">\n\t\t\t\t\t<h3 class=\"elementor-heading-title elementor-size-default\">Herzenssache seit vielen Jahren <\/h3>\t\t\t\t<\/div>\n\t\t\t\t<\/div>\n\t\t\t\t<div class=\"elementor-element elementor-element-7a46b95 elementor-widget__width-initial elementor-widget elementor-widget-text-editor\" data-id=\"7a46b95\" data-element_type=\"widget\" data-e-type=\"widget\" data-widget_type=\"text-editor.default\">\n\t\t\t\t<div class=\"elementor-widget-container\">\n\t\t\t\t\t\t\t\t\t<p data-start=\"167\" data-end=\"280\">Als Messebauer wissen wir, wie entscheidend starke Verbindungen sind \u2013 nicht nur im Beruf, sondern auch im Leben.<\/p><p data-start=\"282\" data-end=\"466\">Deshalb unterst\u00fctzen wir den Forschungsunterst\u00fctzungskreis Kindernephrologie e.V. an der Universit\u00e4tsmedizin Essen mit voller \u00dcberzeugung und gro\u00dfem Respekt f\u00fcr seine wertvolle Arbeit.<\/p><p data-start=\"468\" data-end=\"656\">Der Verein leistet einen unsch\u00e4tzbaren Beitrag, um Kindern mit Nierenerkrankungen Hoffnung und eine lebenswerte Zukunft zu schenken. Dieses Engagement begleiten wir aus tiefstem Herzen.\u00a0<\/p>\t\t\t\t\t\t\t\t<\/div>\n\t\t\t\t<\/div>\n\t\t\t\t<\/div>\n\t\t\t\t<\/div>\n\t\t\t\t<\/div>","protected":false},"excerpt":{"rendered":"<p>Lachen ist die beste Medizin! Seit \u00fcber 14 Jahren unterst\u00fctzen wir die ClownsVisite e.\u202fV. aus voller \u00dcberzeugung. Dieses besondere Herzensprojekt setzt sich daf\u00fcr ein, dass Kinder in Krankenh\u00e4usern und sozialen Einrichtungen Momente voller Freude, Leichtigkeit und Fantasie erleben \u2013 gerade dann, wenn der Alltag oft von Sorgen, Krankheiten oder Einschr\u00e4nkungen gepr\u00e4gt ist. Die Clowns besuchen [&hellip;]<\/p>\n","protected":false},"author":3,"featured_media":0,"parent":0,"menu_order":0,"comment_status":"closed","ping_status":"closed","template":"","meta":{"footnotes":""},"class_list":["post-1110","page","type-page","status-publish","hentry"],"yoast_head":"<!-- This site is optimized with the Yoast SEO plugin v27.3 - https:\/\/yoast.com\/product\/yoast-seo-wordpress\/ -->\n<title>Wohlt\u00e4tigkeit - Display-Messebau GmbH in Essen<\/title>\n<meta name=\"robots\" content=\"index, follow, max-snippet:-1, max-image-preview:large, max-video-preview:-1\" \/>\n<link rel=\"canonical\" href=\"https:\/\/display-messebau.de\/en\/engagement\/\" \/>\n<meta property=\"og:locale\" content=\"en_GB\" \/>\n<meta property=\"og:type\" content=\"article\" \/>\n<meta property=\"og:title\" content=\"Wohlt\u00e4tigkeit - Display-Messebau GmbH in Essen\" \/>\n<meta property=\"og:description\" content=\"Lachen ist die beste Medizin! Seit \u00fcber 14 Jahren unterst\u00fctzen wir die ClownsVisite e.\u202fV. aus voller \u00dcberzeugung. Dieses besondere Herzensprojekt setzt sich daf\u00fcr ein, dass Kinder in Krankenh\u00e4usern und sozialen Einrichtungen Momente voller Freude, Leichtigkeit und Fantasie erleben \u2013 gerade dann, wenn der Alltag oft von Sorgen, Krankheiten oder Einschr\u00e4nkungen gepr\u00e4gt ist. Die Clowns besuchen [&hellip;]\" \/>\n<meta property=\"og:url\" content=\"https:\/\/display-messebau.de\/en\/engagement\/\" \/>\n<meta property=\"og:site_name\" content=\"Display-Messebau GmbH in Essen\" \/>\n<meta property=\"article:publisher\" content=\"https:\/\/www.facebook.com\/profile.php?id=61577078987966\" \/>\n<meta property=\"article:modified_time\" content=\"2026-03-29T08:44:03+00:00\" \/>\n<meta property=\"og:image\" content=\"https:\/\/display-messebau.de\/wp-content\/uploads\/2025\/10\/1-1.jpg\" \/>\n\t<meta property=\"og:image:width\" content=\"1080\" \/>\n\t<meta property=\"og:image:height\" content=\"1350\" \/>\n\t<meta property=\"og:image:type\" content=\"image\/jpeg\" \/>\n<meta name=\"twitter:card\" content=\"summary_large_image\" \/>\n<meta name=\"twitter:label1\" content=\"Estimated reading time\" \/>\n\t<meta name=\"twitter:data1\" content=\"2 minutes\" \/>\n<script type=\"application\/ld+json\" class=\"yoast-schema-graph\">{\"@context\":\"https:\\\/\\\/schema.org\",\"@graph\":[{\"@type\":\"WebPage\",\"@id\":\"https:\\\/\\\/display-messebau.de\\\/engagement\\\/\",\"url\":\"https:\\\/\\\/display-messebau.de\\\/engagement\\\/\",\"name\":\"Wohlt\u00e4tigkeit - Display-Messebau GmbH in Essen\",\"isPartOf\":{\"@id\":\"https:\\\/\\\/display-messebau.de\\\/#website\"},\"primaryImageOfPage\":{\"@id\":\"https:\\\/\\\/display-messebau.de\\\/engagement\\\/#primaryimage\"},\"image\":{\"@id\":\"https:\\\/\\\/display-messebau.de\\\/engagement\\\/#primaryimage\"},\"thumbnailUrl\":\"https:\\\/\\\/display-messebau.de\\\/wp-content\\\/uploads\\\/2025\\\/10\\\/1-1-819x1024.jpg\",\"datePublished\":\"2025-10-01T08:54:17+00:00\",\"dateModified\":\"2026-03-29T08:44:03+00:00\",\"breadcrumb\":{\"@id\":\"https:\\\/\\\/display-messebau.de\\\/engagement\\\/#breadcrumb\"},\"inLanguage\":\"en-GB\",\"potentialAction\":[{\"@type\":\"ReadAction\",\"target\":[\"https:\\\/\\\/display-messebau.de\\\/engagement\\\/\"]}]},{\"@type\":\"ImageObject\",\"inLanguage\":\"en-GB\",\"@id\":\"https:\\\/\\\/display-messebau.de\\\/engagement\\\/#primaryimage\",\"url\":\"https:\\\/\\\/display-messebau.de\\\/wp-content\\\/uploads\\\/2025\\\/10\\\/1-1-819x1024.jpg\",\"contentUrl\":\"https:\\\/\\\/display-messebau.de\\\/wp-content\\\/uploads\\\/2025\\\/10\\\/1-1-819x1024.jpg\"},{\"@type\":\"BreadcrumbList\",\"@id\":\"https:\\\/\\\/display-messebau.de\\\/engagement\\\/#breadcrumb\",\"itemListElement\":[{\"@type\":\"ListItem\",\"position\":1,\"name\":\"Startseite\",\"item\":\"https:\\\/\\\/display-messebau.de\\\/\"},{\"@type\":\"ListItem\",\"position\":2,\"name\":\"Wohlt\u00e4tigkeit\"}]},{\"@type\":\"WebSite\",\"@id\":\"https:\\\/\\\/display-messebau.de\\\/#website\",\"url\":\"https:\\\/\\\/display-messebau.de\\\/\",\"name\":\"Display-Messebau GmbH in Essen\",\"description\":\"\",\"publisher\":{\"@id\":\"https:\\\/\\\/display-messebau.de\\\/#organization\"},\"potentialAction\":[{\"@type\":\"SearchAction\",\"target\":{\"@type\":\"EntryPoint\",\"urlTemplate\":\"https:\\\/\\\/display-messebau.de\\\/?s={search_term_string}\"},\"query-input\":{\"@type\":\"PropertyValueSpecification\",\"valueRequired\":true,\"valueName\":\"search_term_string\"}}],\"inLanguage\":\"en-GB\"},{\"@type\":\"Organization\",\"@id\":\"https:\\\/\\\/display-messebau.de\\\/#organization\",\"name\":\"Display-Messebau GmbH in Essen\",\"url\":\"https:\\\/\\\/display-messebau.de\\\/\",\"logo\":{\"@type\":\"ImageObject\",\"inLanguage\":\"en-GB\",\"@id\":\"https:\\\/\\\/display-messebau.de\\\/#\\\/schema\\\/logo\\\/image\\\/\",\"url\":\"https:\\\/\\\/display-messebau.de\\\/wp-content\\\/uploads\\\/2025\\\/06\\\/logo-display-neu2.png\",\"contentUrl\":\"https:\\\/\\\/display-messebau.de\\\/wp-content\\\/uploads\\\/2025\\\/06\\\/logo-display-neu2.png\",\"width\":1400,\"height\":533,\"caption\":\"Display-Messebau GmbH in Essen\"},\"image\":{\"@id\":\"https:\\\/\\\/display-messebau.de\\\/#\\\/schema\\\/logo\\\/image\\\/\"},\"sameAs\":[\"https:\\\/\\\/www.facebook.com\\\/profile.php?id=61577078987966\",\"https:\\\/\\\/www.instagram.com\\\/displaymessebaugmbh\\\/\",\"https:\\\/\\\/www.linkedin.com\\\/company\\\/display-messebau-gmbh\\\/\",\"https:\\\/\\\/www.youtube.com\\\/@display-messebau-gmbh\"]}]}<\/script>\n<!-- \/ Yoast SEO plugin. -->","yoast_head_json":{"title":"Wohlt\u00e4tigkeit - Display-Messebau GmbH in Essen","robots":{"index":"index","follow":"follow","max-snippet":"max-snippet:-1","max-image-preview":"max-image-preview:large","max-video-preview":"max-video-preview:-1"},"canonical":"https:\/\/display-messebau.de\/en\/engagement\/","og_locale":"en_GB","og_type":"article","og_title":"Wohlt\u00e4tigkeit - Display-Messebau GmbH in Essen","og_description":"Lachen ist die beste Medizin! Seit \u00fcber 14 Jahren unterst\u00fctzen wir die ClownsVisite e.\u202fV. aus voller \u00dcberzeugung. Dieses besondere Herzensprojekt setzt sich daf\u00fcr ein, dass Kinder in Krankenh\u00e4usern und sozialen Einrichtungen Momente voller Freude, Leichtigkeit und Fantasie erleben \u2013 gerade dann, wenn der Alltag oft von Sorgen, Krankheiten oder Einschr\u00e4nkungen gepr\u00e4gt ist. Die Clowns besuchen [&hellip;]","og_url":"https:\/\/display-messebau.de\/en\/engagement\/","og_site_name":"Display-Messebau GmbH in Essen","article_publisher":"https:\/\/www.facebook.com\/profile.php?id=61577078987966","article_modified_time":"2026-03-29T08:44:03+00:00","og_image":[{"width":1080,"height":1350,"url":"https:\/\/display-messebau.de\/wp-content\/uploads\/2025\/10\/1-1.jpg","type":"image\/jpeg"}],"twitter_card":"summary_large_image","twitter_misc":{"Estimated reading time":"2 minutes"},"schema":{"@context":"https:\/\/schema.org","@graph":[{"@type":"WebPage","@id":"https:\/\/display-messebau.de\/engagement\/","url":"https:\/\/display-messebau.de\/engagement\/","name":"Wohlt\u00e4tigkeit - Display-Messebau GmbH in Essen","isPartOf":{"@id":"https:\/\/display-messebau.de\/#website"},"primaryImageOfPage":{"@id":"https:\/\/display-messebau.de\/engagement\/#primaryimage"},"image":{"@id":"https:\/\/display-messebau.de\/engagement\/#primaryimage"},"thumbnailUrl":"https:\/\/display-messebau.de\/wp-content\/uploads\/2025\/10\/1-1-819x1024.jpg","datePublished":"2025-10-01T08:54:17+00:00","dateModified":"2026-03-29T08:44:03+00:00","breadcrumb":{"@id":"https:\/\/display-messebau.de\/engagement\/#breadcrumb"},"inLanguage":"en-GB","potentialAction":[{"@type":"ReadAction","target":["https:\/\/display-messebau.de\/engagement\/"]}]},{"@type":"ImageObject","inLanguage":"en-GB","@id":"https:\/\/display-messebau.de\/engagement\/#primaryimage","url":"https:\/\/display-messebau.de\/wp-content\/uploads\/2025\/10\/1-1-819x1024.jpg","contentUrl":"https:\/\/display-messebau.de\/wp-content\/uploads\/2025\/10\/1-1-819x1024.jpg"},{"@type":"BreadcrumbList","@id":"https:\/\/display-messebau.de\/engagement\/#breadcrumb","itemListElement":[{"@type":"ListItem","position":1,"name":"Startseite","item":"https:\/\/display-messebau.de\/"},{"@type":"ListItem","position":2,"name":"Wohlt\u00e4tigkeit"}]},{"@type":"WebSite","@id":"https:\/\/display-messebau.de\/#website","url":"https:\/\/display-messebau.de\/","name":"Display-Messebau GmbH in Essen","description":"","publisher":{"@id":"https:\/\/display-messebau.de\/#organization"},"potentialAction":[{"@type":"SearchAction","target":{"@type":"EntryPoint","urlTemplate":"https:\/\/display-messebau.de\/?s={search_term_string}"},"query-input":{"@type":"PropertyValueSpecification","valueRequired":true,"valueName":"search_term_string"}}],"inLanguage":"en-GB"},{"@type":"Organization","@id":"https:\/\/display-messebau.de\/#organization","name":"Display-Messebau GmbH in Essen","url":"https:\/\/display-messebau.de\/","logo":{"@type":"ImageObject","inLanguage":"en-GB","@id":"https:\/\/display-messebau.de\/#\/schema\/logo\/image\/","url":"https:\/\/display-messebau.de\/wp-content\/uploads\/2025\/06\/logo-display-neu2.png","contentUrl":"https:\/\/display-messebau.de\/wp-content\/uploads\/2025\/06\/logo-display-neu2.png","width":1400,"height":533,"caption":"Display-Messebau GmbH in Essen"},"image":{"@id":"https:\/\/display-messebau.de\/#\/schema\/logo\/image\/"},"sameAs":["https:\/\/www.facebook.com\/profile.php?id=61577078987966","https:\/\/www.instagram.com\/displaymessebaugmbh\/","https:\/\/www.linkedin.com\/company\/display-messebau-gmbh\/","https:\/\/www.youtube.com\/@display-messebau-gmbh"]}]}},"_links":{"self":[{"href":"https:\/\/display-messebau.de\/en\/wp-json\/wp\/v2\/pages\/1110","targetHints":{"allow":["GET"]}}],"collection":[{"href":"https:\/\/display-messebau.de\/en\/wp-json\/wp\/v2\/pages"}],"about":[{"href":"https:\/\/display-messebau.de\/en\/wp-json\/wp\/v2\/types\/page"}],"author":[{"embeddable":true,"href":"https:\/\/display-messebau.de\/en\/wp-json\/wp\/v2\/users\/3"}],"replies":[{"embeddable":true,"href":"https:\/\/display-messebau.de\/en\/wp-json\/wp\/v2\/comments?post=1110"}],"version-history":[{"count":36,"href":"https:\/\/display-messebau.de\/en\/wp-json\/wp\/v2\/pages\/1110\/revisions"}],"predecessor-version":[{"id":1782,"href":"https:\/\/display-messebau.de\/en\/wp-json\/wp\/v2\/pages\/1110\/revisions\/1782"}],"wp:attachment":[{"href":"https:\/\/display-messebau.de\/en\/wp-json\/wp\/v2\/media?parent=1110"}],"curies":[{"name":"wp","href":"https:\/\/api.w.org\/{rel}","templated":true}]}}